{"id":15881,"date":"2026-01-24T23:10:30","date_gmt":"2026-01-24T23:10:30","guid":{"rendered":"https:\/\/udhv.nl\/?page_id=15881"},"modified":"2026-01-24T23:10:40","modified_gmt":"2026-01-24T23:10:40","slug":"info-examens","status":"publish","type":"page","link":"https:\/\/udhv.nl\/?page_id=15881","title":{"rendered":"Info Examens"},"content":{"rendered":"\t\t<div data-elementor-type=\"wp-page\" data-elementor-id=\"15881\" class=\"elementor elementor-15881\">\n\t\t\t\t\t\t<section class=\"elementor-section elementor-top-section elementor-element elementor-element-7030c7a elementor-section-boxed elementor-section-height-default elementor-section-height-default\" data-id=\"7030c7a\" data-element_type=\"section\" data-e-type=\"section\">\n\t\t\t\t\t\t<div class=\"elementor-container elementor-column-gap-default\">\n\t\t\t\t\t<div class=\"elementor-column elementor-col-100 elementor-top-column elementor-element elementor-element-11fb7175\" data-id=\"11fb7175\" data-element_type=\"column\" data-e-type=\"column\">\n\t\t\t<div class=\"elementor-widget-wrap elementor-element-populated\">\n\t\t\t\t\t\t<div class=\"elementor-element elementor-element-663b11ad elementor-widget elementor-widget-text-editor\" data-id=\"663b11ad\" data-element_type=\"widget\" data-e-type=\"widget\" data-widget_type=\"text-editor.default\">\n\t\t\t\t\t\t\t\t\t<h3>Voorwaarden<\/h3><p>Om aan een UV, VZH, IGP, SpH examen via de commissie werkhonden \/ Raad van Beheer, deel te mogen nemen gelden een aantal voorwaarden:<\/p><p>Op de dag van het examen moet de hond de voorgeschreven leeftijd bereikt hebben.<br \/>VZH \u2013 15 maanden<br \/>UV \u2013 16 maanden (maximum leeftijd zes jaar)<br \/>IGP 1 -18 maanden<br \/>IGP 2 \u2013 19 maanden<br \/>IGP 3 \u2013 20 maanden<br \/>SpH\u00a0 1-18 maanden<br \/>SpH\u00a0 2 \u2013 18 maanden<br \/>IGP\/FCI \/ SpH \/20 maande<\/p><h3>Hondenlogboek<\/h3><p><img decoding=\"async\" class=\"alignnone size-medium wp-image-63\" src=\"https:\/\/www.kringgroepmiddennederland.nl\/wp-content\/uploads\/2015\/07\/werkboekje-300x146.jpg\" sizes=\"(max-width: 300px) 100vw, 300px\" srcset=\"https:\/\/www.kringgroepmiddennederland.nl\/wp-content\/uploads\/2015\/07\/werkboekje-300x146.jpg 300w, https:\/\/www.kringgroepmiddennederland.nl\/wp-content\/uploads\/2015\/07\/werkboekje-1024x499.jpg 1024w, https:\/\/www.kringgroepmiddennederland.nl\/wp-content\/uploads\/2015\/07\/werkboekje-904x441.jpg 904w\" alt=\"werkboekje\" width=\"300\" height=\"146\" \/> <img decoding=\"async\" class=\"alignnone size-medium wp-image-62\" src=\"https:\/\/www.kringgroepmiddennederland.nl\/wp-content\/uploads\/2015\/07\/rashondenlogboek-300x151.jpg\" sizes=\"(max-width: 300px) 100vw, 300px\" srcset=\"https:\/\/www.kringgroepmiddennederland.nl\/wp-content\/uploads\/2015\/07\/rashondenlogboek-300x151.jpg 300w, https:\/\/www.kringgroepmiddennederland.nl\/wp-content\/uploads\/2015\/07\/rashondenlogboek-560x280.jpg 560w, https:\/\/www.kringgroepmiddennederland.nl\/wp-content\/uploads\/2015\/07\/rashondenlogboek.jpg 591w\" alt=\"rashondenlogboek\" width=\"300\" height=\"151\" \/><\/p><p>Examenresultaten worden opgenomen in het \u201chondenlogboek\u201d<\/p><p>Zonder logboek kan je niet deelnemen aan een examen.<br \/>Dit hondenlogboek kan worden aangevraagd via <a href=\"https:\/\/www.houdenvanhonden.nl\/actief-met-je-hond\/sporten-met-je-hond\/hondenlogboek\/\">de site van de raad van beheer<\/a>.<\/p><p>Een hond kan per dag slechts aan \u00e9\u00e9n evenement deelnemen. De geleider kan aan een examen deelnemen met maximaal twee honden.<\/p><p>Loopse teven zijn tot het examen toegelaten op voorwaarde dat zij als laatste van het examen aantreden. Zichtbaar drachtige en zogende teven zijn niet tot het examen toegelaten.<br \/>Zieke en besmettelijke dieren zijn eveneens van het examen uitgesloten.<\/p><p>Onbevangenheidsproef.<br \/>Voor aanvang van het eerste onderdeel van het examen moet de Keurmeester elke hond onderwerpen aan deze onbevangenheidsproef.<br \/>Een belangrijk onderdeel van deze proef is de controle van de identiteit, (tatoeage of microchip)<\/p><p>Honden die deze proef niet doorstaan worden uitgesloten van het examen en gediskwalificeerd.<br \/>Bij het vaststellen van karakterzwakte is de keurmeester verplicht de betrokken hond onmiddellijk uit te sluiten van het examen.<\/p><p>Uitvoering van de onbevangenheidsproef.<br \/>1) De proef dient onder normale omstandigheden op een voor de hond, neutrale plaats te gebeuren.<br \/>2) De deelnemende honden worden \u00e9\u00e9n voor \u00e9\u00e9n aan de proef onderworpen.<br \/>3) De hond moet voorgebracht worden aan een normale, ontspannen doorhangende lijn.<br \/>4) De keurmeester mag geen invloed uitoefenen op de hond. Als de keurmeester het nodig acht, moet de hond het toelaten te worden betast.<\/p><p>Diskwalificatie:<br \/>Verlaat een hond tijdens het examen de hondengeleider of het terrein en komt na drie commando\u2019s niet terug, dan wordt hij gediskwalificeerd. Onsportief gedrag van de Hondengeleider,<br \/>Voorbeeld: het mee voeren van speeltjes en\/of voer.<br \/>-Inbreuken tegen de Reglementen, Dierenwelzijn of de goede zeden<\/p><p>Verzekeringsplicht.<br \/>De eigenaar van de hond is voor alle mogelijke schade verantwoordelijk. De eigenaar moet dan ook voor alle mogelijke ongevallen en schade verzekerd zijn.<\/p><p>Voor eventuele ongevallen tijdens een examen, staat de geleider borg voor hem en zijn hond. De door de keurmeester aangegeven aanwijzingen worden door de geleider op vrijwillige basis opgevolgd.<\/p><p>Inentingen<br \/>De bewijzen dat de hond op behoorlijke wijze en volgens de regels werd inge\u00ebnt zijn aan de keurmeester, indien deze dit wenst, voor het examen voor te leggen.<\/p><p>De volledige beschrijving van alle voorwaarden staan in de <a href=\"https:\/\/www.kringgroepmiddennederland.nl\/wp-content\/uploads\/2025\/04\/2025-03-28-igp-reglement-2025-nederlands-versie-3-rvb.pdf\">reglementen<\/a> [pdf].<\/p><p>\u00a0<\/p>\t\t\t\t\t\t\t\t<\/div>\n\t\t\t\t\t<\/div>\n\t\t<\/div>\n\t\t\t\t\t<\/div>\n\t\t<\/section>\n\t\t\t\t<\/div>\n\t\t","protected":false},"excerpt":{"rendered":"<p>Voorwaarden Om aan een UV, VZH, IGP, SpH examen via de commissie werkhonden \/ Raad van Beheer, deel te mogen nemen gelden een aantal voorwaarden: Op de dag van het examen moet de hond de voorgeschreven leeftijd bereikt hebben.VZH \u2013 15 maandenUV \u2013 16 maanden (maximum leeftijd zes jaar)IGP 1 -18 maandenIGP 2 \u2013 19 &#8230; <a title=\"Info Examens\" class=\"read-more\" href=\"https:\/\/udhv.nl\/?page_id=15881\" aria-label=\"Lees meer over Info Examens\">Lees verder<\/a><\/p>\n","protected":false},"author":1,"featured_media":0,"parent":0,"menu_order":0,"comment_status":"closed","ping_status":"closed","template":"","meta":{"footnotes":""},"class_list":["post-15881","page","type-page","status-publish"],"_links":{"self":[{"href":"https:\/\/udhv.nl\/index.php?rest_route=\/wp\/v2\/pages\/15881","targetHints":{"allow":["GET"]}}],"collection":[{"href":"https:\/\/udhv.nl\/index.php?rest_route=\/wp\/v2\/pages"}],"about":[{"href":"https:\/\/udhv.nl\/index.php?rest_route=\/wp\/v2\/types\/page"}],"author":[{"embeddable":true,"href":"https:\/\/udhv.nl\/index.php?rest_route=\/wp\/v2\/users\/1"}],"replies":[{"embeddable":true,"href":"https:\/\/udhv.nl\/index.php?rest_route=%2Fwp%2Fv2%2Fcomments&post=15881"}],"version-history":[{"count":5,"href":"https:\/\/udhv.nl\/index.php?rest_route=\/wp\/v2\/pages\/15881\/revisions"}],"predecessor-version":[{"id":16033,"href":"https:\/\/udhv.nl\/index.php?rest_route=\/wp\/v2\/pages\/15881\/revisions\/16033"}],"wp:attachment":[{"href":"https:\/\/udhv.nl\/index.php?rest_route=%2Fwp%2Fv2%2Fmedia&parent=15881"}],"curies":[{"name":"wp","href":"https:\/\/api.w.org\/{rel}","templated":true}]}}